{"id":1782,"date":"2025-04-15T09:48:31","date_gmt":"2025-04-15T07:48:31","guid":{"rendered":"https:\/\/www.hotgreenpower.it\/news\/"},"modified":"2025-05-15T10:46:39","modified_gmt":"2025-05-15T08:46:39","slug":"nachrichten","status":"publish","type":"page","link":"https:\/\/www.hotgreenpower.it\/de\/nachrichten\/","title":{"rendered":"Nachrichten"},"content":{"rendered":"<div class=\"fusion-fullwidth fullwidth-box fusion-builder-row-1 fusion-flex-container has-pattern-background has-mask-background nonhundred-percent-fullwidth non-hundred-percent-height-scrolling\" style=\"--awb-border-radius-top-left:0px;--awb-border-radius-top-right:0px;--awb-border-radius-bottom-right:0px;--awb-border-radius-bottom-left:0px;--awb-padding-top:50px;--awb-padding-bottom:50px;--awb-flex-wrap:wrap;\" ><div class=\"fusion-builder-row fusion-row fusion-flex-align-items-flex-start fusion-flex-content-wrap\" style=\"max-width:1248px;margin-left: calc(-4% \/ 2 );margin-right: calc(-4% \/ 2 );\"><div class=\"fusion-layout-column fusion_builder_column fusion-builder-column-0 fusion_builder_column_1_1 1_1 fusion-flex-column\" style=\"--awb-bg-size:cover;--awb-width-large:100%;--awb-margin-top-large:0px;--awb-spacing-right-large:1.92%;--awb-margin-bottom-large:20px;--awb-spacing-left-large:1.92%;--awb-width-medium:100%;--awb-order-medium:0;--awb-spacing-right-medium:1.92%;--awb-spacing-left-medium:1.92%;--awb-width-small:100%;--awb-order-small:0;--awb-spacing-right-small:1.92%;--awb-spacing-left-small:1.92%;\"><div class=\"fusion-column-wrapper fusion-column-has-shadow fusion-flex-justify-content-flex-start fusion-content-layout-column\"><div class=\"fusion-post-cards fusion-post-cards-1 fusion-grid-archive fusion-grid-columns-2\" style=\"--awb-dots-align:center;--awb-columns:2;--awb-active-filter-border-size:3px;--awb-filters-height:36px;--awb-row-spacing:60px;\" data-post-type-label=\"beitr\u00e4ge\"><ul class=\"fusion-grid fusion-grid-2 fusion-flex-align-items-flex-start fusion-grid-posts-cards\"><li class=\"fusion-layout-column fusion_builder_column fusion-builder-column-1 fusion-flex-column post-card fusion-grid-column fusion-post-cards-grid-column\" style=\"--awb-bg-blend:overlay;--awb-bg-size:cover;--awb-flex-grow:0;--awb-flex-shrink:0;--awb-flex-grow-medium:0;--awb-flex-shrink-medium:0;--awb-flex-grow-small:0;--awb-flex-shrink-small:0;\"><div class=\"fusion-column-wrapper fusion-flex-justify-content-flex-start fusion-content-layout-column\"><div class=\"fusion-image-element \" style=\"--awb-caption-title-font-family:var(--h2_typography-font-family);--awb-caption-title-font-weight:var(--h2_typography-font-weight);--awb-caption-title-font-style:var(--h2_typography-font-style);--awb-caption-title-size:var(--h2_typography-font-size);--awb-caption-title-transform:var(--h2_typography-text-transform);--awb-caption-title-line-height:var(--h2_typography-line-height);--awb-caption-title-letter-spacing:var(--h2_typography-letter-spacing);\"><span class=\" fusion-imageframe imageframe-none imageframe-1 hover-type-none foto-news\" style=\"border-radius:8px;\"><a class=\"fusion-no-lightbox\" href=\"https:\/\/www.hotgreenpower.it\/de\/entdecken-sie-den-neuen-katalog-von-hot-green-power-jetzt-auf-der-website-verfuegbar\/\" target=\"_self\" aria-label=\"cover-news-nuovo-catalogo\"><img decoding=\"async\" width=\"1400\" height=\"854\" src=\"https:\/\/www.hotgreenpower.it\/wp-content\/uploads\/2025\/04\/cover-news-nuovo-catalogo.jpg\" alt class=\"img-responsive wp-image-1790\" srcset=\"https:\/\/www.hotgreenpower.it\/wp-content\/uploads\/2025\/04\/cover-news-nuovo-catalogo-200x122.jpg 200w, https:\/\/www.hotgreenpower.it\/wp-content\/uploads\/2025\/04\/cover-news-nuovo-catalogo-400x244.jpg 400w, https:\/\/www.hotgreenpower.it\/wp-content\/uploads\/2025\/04\/cover-news-nuovo-catalogo-600x366.jpg 600w, https:\/\/www.hotgreenpower.it\/wp-content\/uploads\/2025\/04\/cover-news-nuovo-catalogo-800x488.jpg 800w, https:\/\/www.hotgreenpower.it\/wp-content\/uploads\/2025\/04\/cover-news-nuovo-catalogo-1200x732.jpg 1200w, https:\/\/www.hotgreenpower.it\/wp-content\/uploads\/2025\/04\/cover-news-nuovo-catalogo.jpg 1400w\" sizes=\"(max-width: 640px) 100vw, 1200px\" \/><\/a><\/span><\/div><div class=\"fusion-image-element \" style=\"--awb-margin-top:-70px;--awb-margin-left:-35px;--awb-caption-title-font-family:var(--h2_typography-font-family);--awb-caption-title-font-weight:var(--h2_typography-font-weight);--awb-caption-title-font-style:var(--h2_typography-font-style);--awb-caption-title-size:var(--h2_typography-font-size);--awb-caption-title-transform:var(--h2_typography-text-transform);--awb-caption-title-line-height:var(--h2_typography-line-height);--awb-caption-title-letter-spacing:var(--h2_typography-letter-spacing);\"><span class=\" fusion-imageframe imageframe-none imageframe-2 hover-type-none\"><a class=\"fusion-no-lightbox\" href=\"https:\/\/www.hotgreenpower.it\/de\/entdecken-sie-den-neuen-katalog-von-hot-green-power-jetzt-auf-der-website-verfuegbar\/\" target=\"_self\" aria-label=\"maschera-onda-bianca\"><img decoding=\"async\" width=\"311\" height=\"76\" src=\"https:\/\/www.hotgreenpower.it\/wp-content\/uploads\/2025\/04\/maschera-onda-bianca-1.png\" alt class=\"img-responsive wp-image-183\" srcset=\"https:\/\/www.hotgreenpower.it\/wp-content\/uploads\/2025\/04\/maschera-onda-bianca-1-200x49.png 200w, https:\/\/www.hotgreenpower.it\/wp-content\/uploads\/2025\/04\/maschera-onda-bianca-1.png 311w\" sizes=\"(max-width: 640px) 100vw, 311px\" \/><\/a><\/span><\/div><div class=\"fusion-meta-tb fusion-meta-tb-1 floated data-categoria-news\" style=\"--awb-border-bottom:0px;--awb-border-top:0px;--awb-border-left:0px;--awb-border-right:0px;--awb-item-border-bottom:0px;--awb-item-border-top:0px;--awb-item-border-left:0px;--awb-item-border-right:0px;--awb-height:36px;--awb-font-size:16px;--awb-margin-left:5px;--awb-margin-top:-30px;--awb-padding-left:0px;--awb-link-color:var(--awb-color6);--awb-alignment-medium:flex-start;--awb-alignment-small:flex-start;\"><span class=\"fusion-tb-published-date\">6. Mai 2025<\/span><span class=\"fusion-meta-tb-sep\">|<\/span><\/div><div class=\"fusion-meta-tb fusion-meta-tb-2 floated data-categoria-news\" style=\"--awb-border-bottom:0px;--awb-border-top:0px;--awb-border-left:0px;--awb-border-right:0px;--awb-item-border-bottom:0px;--awb-item-border-top:0px;--awb-item-border-left:0px;--awb-item-border-right:0px;--awb-height:36px;--awb-font-size:16px;--awb-margin-left:5px;--awb-padding-left:0px;--awb-link-color:var(--awb-color6);--awb-alignment-medium:flex-start;--awb-alignment-small:flex-start;\"><span class=\"fusion-tb-categories\"><a href=\"https:\/\/www.hotgreenpower.it\/de\/category\/kataloge\/\" rel=\"category tag\">KATALOGE<\/a>, <a href=\"https:\/\/www.hotgreenpower.it\/de\/category\/news-de\/\" rel=\"category tag\">NEWS<\/a>, <a href=\"https:\/\/www.hotgreenpower.it\/de\/category\/produkt\/\" rel=\"category tag\">PRODUKT<\/a><\/span><span class=\"fusion-meta-tb-sep\">|<\/span><\/div><div class=\"fusion-title title fusion-title-1 fusion-sep-none fusion-title-text fusion-title-size-four\" style=\"--awb-text-color:var(--awb-color5);--awb-margin-left:5px;--awb-margin-top-small:10px;--awb-margin-right-small:0px;--awb-margin-bottom-small:10px;--awb-margin-left-small:0px;\"><h4 class=\"fusion-title-heading title-heading-left\" style=\"font-family:&quot;Nunito Sans&quot;;font-style:normal;font-weight:600;margin:0;text-transform:var(--awb-typography1-text-transform);\"><a href=\"https:\/\/www.hotgreenpower.it\/de\/entdecken-sie-den-neuen-katalog-von-hot-green-power-jetzt-auf-der-website-verfuegbar\/\" class=\"awb-custom-text-color awb-custom-text-hover-color\" target=\"_self\">Entdecken Sie den neuen Katalog von Hot Green Power: jetzt auf der Website verf\u00fcgbar!<\/a><\/h4><\/div><div class=\"fusion-text fusion-text-1\" style=\"--awb-margin-left:5px;\"><p>Der neue Katalog von Hot Green Power ist jetzt im Download-Bereich der Website verf\u00fcgbar, die Marke f\u00fcr exzellente Energiel\u00f6sungen, die vom Gruppo Termal vertrieben wird.<\/p>\n<\/div><div ><a class=\"fusion-button button-flat fusion-button-default-size button-default fusion-button-default button-1 fusion-button-default-span fusion-button-default-type\" style=\"--button_font_size:16px;--button_margin-left:5px;\" target=\"_self\" href=\"https:\/\/www.hotgreenpower.it\/de\/entdecken-sie-den-neuen-katalog-von-hot-green-power-jetzt-auf-der-website-verfuegbar\/\"><span class=\"fusion-button-text awb-button__text awb-button__text--default\">Lies die Neuigkeit<\/span><\/a><\/div><\/div><\/li>\n<li class=\"fusion-layout-column fusion_builder_column fusion-builder-column-2 fusion-flex-column post-card fusion-grid-column fusion-post-cards-grid-column\" style=\"--awb-bg-blend:overlay;--awb-bg-size:cover;--awb-flex-grow:0;--awb-flex-shrink:0;--awb-flex-grow-medium:0;--awb-flex-shrink-medium:0;--awb-flex-grow-small:0;--awb-flex-shrink-small:0;\"><div class=\"fusion-column-wrapper fusion-flex-justify-content-flex-start fusion-content-layout-column\"><div class=\"fusion-image-element \" style=\"--awb-caption-title-font-family:var(--h2_typography-font-family);--awb-caption-title-font-weight:var(--h2_typography-font-weight);--awb-caption-title-font-style:var(--h2_typography-font-style);--awb-caption-title-size:var(--h2_typography-font-size);--awb-caption-title-transform:var(--h2_typography-text-transform);--awb-caption-title-line-height:var(--h2_typography-line-height);--awb-caption-title-letter-spacing:var(--h2_typography-letter-spacing);\"><span class=\" fusion-imageframe imageframe-none imageframe-3 hover-type-none foto-news\" style=\"border-radius:8px;\"><a class=\"fusion-no-lightbox\" href=\"https:\/\/www.hotgreenpower.it\/de\/die-neue-website-von-hot-green-power-ist-online-die-herausragende-energie-verteilt-von-der-termal-gruppe\/\" target=\"_self\" aria-label=\"cover-news-online-nuovo-sito\"><img decoding=\"async\" width=\"1400\" height=\"854\" src=\"https:\/\/www.hotgreenpower.it\/wp-content\/uploads\/2025\/04\/cover-news-online-nuovo-sito.jpg\" alt class=\"img-responsive wp-image-1786\" srcset=\"https:\/\/www.hotgreenpower.it\/wp-content\/uploads\/2025\/04\/cover-news-online-nuovo-sito-200x122.jpg 200w, https:\/\/www.hotgreenpower.it\/wp-content\/uploads\/2025\/04\/cover-news-online-nuovo-sito-400x244.jpg 400w, https:\/\/www.hotgreenpower.it\/wp-content\/uploads\/2025\/04\/cover-news-online-nuovo-sito-600x366.jpg 600w, https:\/\/www.hotgreenpower.it\/wp-content\/uploads\/2025\/04\/cover-news-online-nuovo-sito-800x488.jpg 800w, https:\/\/www.hotgreenpower.it\/wp-content\/uploads\/2025\/04\/cover-news-online-nuovo-sito-1200x732.jpg 1200w, https:\/\/www.hotgreenpower.it\/wp-content\/uploads\/2025\/04\/cover-news-online-nuovo-sito.jpg 1400w\" sizes=\"(max-width: 640px) 100vw, 1400px\" \/><\/a><\/span><\/div><div class=\"fusion-image-element \" style=\"--awb-margin-top:-70px;--awb-margin-left:-35px;--awb-caption-title-font-family:var(--h2_typography-font-family);--awb-caption-title-font-weight:var(--h2_typography-font-weight);--awb-caption-title-font-style:var(--h2_typography-font-style);--awb-caption-title-size:var(--h2_typography-font-size);--awb-caption-title-transform:var(--h2_typography-text-transform);--awb-caption-title-line-height:var(--h2_typography-line-height);--awb-caption-title-letter-spacing:var(--h2_typography-letter-spacing);\"><span class=\" fusion-imageframe imageframe-none imageframe-4 hover-type-none\"><a class=\"fusion-no-lightbox\" href=\"https:\/\/www.hotgreenpower.it\/de\/die-neue-website-von-hot-green-power-ist-online-die-herausragende-energie-verteilt-von-der-termal-gruppe\/\" target=\"_self\" aria-label=\"maschera-onda-bianca\"><img decoding=\"async\" width=\"311\" height=\"76\" src=\"https:\/\/www.hotgreenpower.it\/wp-content\/uploads\/2025\/04\/maschera-onda-bianca-1.png\" alt class=\"img-responsive wp-image-183\" srcset=\"https:\/\/www.hotgreenpower.it\/wp-content\/uploads\/2025\/04\/maschera-onda-bianca-1-200x49.png 200w, https:\/\/www.hotgreenpower.it\/wp-content\/uploads\/2025\/04\/maschera-onda-bianca-1.png 311w\" sizes=\"(max-width: 640px) 100vw, 311px\" \/><\/a><\/span><\/div><div class=\"fusion-meta-tb fusion-meta-tb-3 floated data-categoria-news\" style=\"--awb-border-bottom:0px;--awb-border-top:0px;--awb-border-left:0px;--awb-border-right:0px;--awb-item-border-bottom:0px;--awb-item-border-top:0px;--awb-item-border-left:0px;--awb-item-border-right:0px;--awb-height:36px;--awb-font-size:16px;--awb-margin-left:5px;--awb-margin-top:-30px;--awb-padding-left:0px;--awb-link-color:var(--awb-color6);--awb-alignment-medium:flex-start;--awb-alignment-small:flex-start;\"><span class=\"fusion-tb-published-date\">6. Mai 2025<\/span><span class=\"fusion-meta-tb-sep\">|<\/span><\/div><div class=\"fusion-meta-tb fusion-meta-tb-4 floated data-categoria-news\" style=\"--awb-border-bottom:0px;--awb-border-top:0px;--awb-border-left:0px;--awb-border-right:0px;--awb-item-border-bottom:0px;--awb-item-border-top:0px;--awb-item-border-left:0px;--awb-item-border-right:0px;--awb-height:36px;--awb-font-size:16px;--awb-margin-left:5px;--awb-padding-left:0px;--awb-link-color:var(--awb-color6);--awb-alignment-medium:flex-start;--awb-alignment-small:flex-start;\"><span class=\"fusion-tb-categories\"><a href=\"https:\/\/www.hotgreenpower.it\/de\/category\/mitteilungen\/\" rel=\"category tag\">MITTEILUNGEN<\/a>, <a href=\"https:\/\/www.hotgreenpower.it\/de\/category\/news-de\/\" rel=\"category tag\">NEWS<\/a><\/span><span class=\"fusion-meta-tb-sep\">|<\/span><\/div><div class=\"fusion-title title fusion-title-2 fusion-sep-none fusion-title-text fusion-title-size-four\" style=\"--awb-text-color:var(--awb-color5);--awb-margin-left:5px;--awb-margin-top-small:10px;--awb-margin-right-small:0px;--awb-margin-bottom-small:10px;--awb-margin-left-small:0px;\"><h4 class=\"fusion-title-heading title-heading-left\" style=\"font-family:&quot;Nunito Sans&quot;;font-style:normal;font-weight:600;margin:0;text-transform:var(--awb-typography1-text-transform);\"><a href=\"https:\/\/www.hotgreenpower.it\/de\/die-neue-website-von-hot-green-power-ist-online-die-herausragende-energie-verteilt-von-der-termal-gruppe\/\" class=\"awb-custom-text-color awb-custom-text-hover-color\" target=\"_self\">Die neue Website von Hot Green Power ist online: die herausragende Energie, verteilt von der Termal Gruppe.<\/a><\/h4><\/div><div class=\"fusion-text fusion-text-2\" style=\"--awb-margin-left:5px;\"><p>Die neue Website von Hot Green Power ist jetzt online, die Marke, die auf L\u00f6sungen f\u00fcr Klimaanlage, Heizung und die Produktion von Warmwasser spezialisiert ist und vom Gruppo Termal vertrieben wird.<\/p>\n<\/div><div ><a class=\"fusion-button button-flat fusion-button-default-size button-default fusion-button-default button-2 fusion-button-default-span fusion-button-default-type\" style=\"--button_font_size:16px;--button_margin-left:5px;\" target=\"_self\" href=\"https:\/\/www.hotgreenpower.it\/de\/die-neue-website-von-hot-green-power-ist-online-die-herausragende-energie-verteilt-von-der-termal-gruppe\/\"><span class=\"fusion-button-text awb-button__text awb-button__text--default\">Lies die Neuigkeit<\/span><\/a><\/div><\/div><\/li>\n<\/ul><\/div><\/div><\/div><\/div><\/div>\n","protected":false},"excerpt":{"rendered":"","protected":false},"author":1,"featured_media":1783,"parent":0,"menu_order":0,"comment_status":"closed","ping_status":"closed","template":"100-width.php","meta":{"footnotes":""},"class_list":["post-1782","page","type-page","status-publish","has-post-thumbnail","hentry"],"_links":{"self":[{"href":"https:\/\/www.hotgreenpower.it\/de\/wp-json\/wp\/v2\/pages\/1782","targetHints":{"allow":["GET"]}}],"collection":[{"href":"https:\/\/www.hotgreenpower.it\/de\/wp-json\/wp\/v2\/pages"}],"about":[{"href":"https:\/\/www.hotgreenpower.it\/de\/wp-json\/wp\/v2\/types\/page"}],"author":[{"embeddable":true,"href":"https:\/\/www.hotgreenpower.it\/de\/wp-json\/wp\/v2\/users\/1"}],"replies":[{"embeddable":true,"href":"https:\/\/www.hotgreenpower.it\/de\/wp-json\/wp\/v2\/comments?post=1782"}],"version-history":[{"count":1,"href":"https:\/\/www.hotgreenpower.it\/de\/wp-json\/wp\/v2\/pages\/1782\/revisions"}],"predecessor-version":[{"id":1784,"href":"https:\/\/www.hotgreenpower.it\/de\/wp-json\/wp\/v2\/pages\/1782\/revisions\/1784"}],"wp:featuredmedia":[{"embeddable":true,"href":"https:\/\/www.hotgreenpower.it\/de\/wp-json\/wp\/v2\/media\/1783"}],"wp:attachment":[{"href":"https:\/\/www.hotgreenpower.it\/de\/wp-json\/wp\/v2\/media?parent=1782"}],"curies":[{"name":"wp","href":"https:\/\/api.w.org\/{rel}","templated":true}]}}