{"id":1828,"date":"2025-05-06T14:42:37","date_gmt":"2025-05-06T12:42:37","guid":{"rendered":"https:\/\/www.hotgreenpower.it\/privacy-cookies-policy\/"},"modified":"2025-05-15T12:12:17","modified_gmt":"2025-05-15T10:12:17","slug":"privacy-cookies-policy","status":"publish","type":"page","link":"https:\/\/www.hotgreenpower.it\/de\/privacy-cookies-policy\/","title":{"rendered":"Privacy Cookies Policy"},"content":{"rendered":"<div class=\"fusion-fullwidth fullwidth-box fusion-builder-row-1 fusion-flex-container has-pattern-background has-mask-background nonhundred-percent-fullwidth non-hundred-percent-height-scrolling\" style=\"--awb-border-radius-top-left:0px;--awb-border-radius-top-right:0px;--awb-border-radius-bottom-right:0px;--awb-border-radius-bottom-left:0px;--awb-padding-top:70px;--awb-padding-bottom:70px;--awb-flex-wrap:wrap;\" ><div class=\"fusion-builder-row fusion-row fusion-flex-align-items-flex-start fusion-flex-content-wrap\" style=\"max-width:1248px;margin-left: calc(-4% \/ 2 );margin-right: calc(-4% \/ 2 );\"><div class=\"fusion-layout-column fusion_builder_column fusion-builder-column-0 fusion_builder_column_1_1 1_1 fusion-flex-column\" style=\"--awb-bg-size:cover;--awb-width-large:100%;--awb-margin-top-large:0px;--awb-spacing-right-large:1.92%;--awb-margin-bottom-large:0px;--awb-spacing-left-large:1.92%;--awb-width-medium:100%;--awb-spacing-right-medium:1.92%;--awb-spacing-left-medium:1.92%;--awb-width-small:100%;--awb-spacing-right-small:1.92%;--awb-spacing-left-small:1.92%;\"><div class=\"fusion-column-wrapper fusion-flex-justify-content-flex-start fusion-content-layout-column\"><div class=\"fusion-text fusion-text-1\"><p>Auf dieser Seite werden die Modalit\u00e4ten der Verwaltung der Website www.hotgreenpower.it in Bezug auf die Verarbeitung personenbezogener Daten der Nutzer beschrieben, die sie besuchen. Es handelt sich um eine Mitteilung gem\u00e4\u00df der Europ\u00e4ischen Verordnung 679\/2016 zum Schutz nat\u00fcrlicher Personen bei der Verarbeitung personenbezogener Daten sowie zum freien Datenverkehr (nachfolgend auch \u201eVerordnung\u201c), die f\u00fcr die Nutzer der \u00fcber das Internet angebotenen Dienste unserer Website gilt. Diese Mitteilung gilt nicht f\u00fcr andere eventuell \u00fcber unsere Links zug\u00e4ngliche Websites, f\u00fcr die der Verantwortliche in keiner Weise haftet.<\/p>\n<p><strong>Der Verantwortliche f\u00fcr die Datenverarbeitung<\/strong><br \/>Der Verantwortliche f\u00fcr die Verarbeitung der personenbezogenen Daten, die durch den Besuch unserer Website erhoben werden, ist Termal Sales S.r.l. (nachfolgend &#8222;Verantwortlicher&#8220;) mit Sitz in der Via della Salute 14 \u2013 Bologna.<\/p>\n<p><strong>Zweck der Datenverarbeitung und Rechtsgrundlage<\/strong><br \/>Die Daten werden von uns durch elektronische oder manuelle Verfahren zu folgenden Zwecken verarbeitet:<\/p>\n<ul>\n<li>Bearbeitung Ihrer Informationsanfragen (Kontakt \u00fcber das Formular unter dem Link <a href=\"https:\/\/www.hotgreenpower.it\/de\/kontakt\/\">https:\/\/www.hotgreenpower.it\/de\/kontakt\/<\/a>, <a href=\"https:\/\/www.hotgreenpower.it\/de\/angebot-anfordern\/\">https:\/\/www.hotgreenpower.it\/de\/angebot-anfordern\/<\/a>).<\/li>\n<\/ul>\n<p>Die Rechtsgrundlage der Verarbeitung ist die Bearbeitung Ihrer Anfrage sowie ein etwaiges vorvertragliches Verh\u00e4ltnis.<\/p>\n<p>Die Bereitstellung der Daten ist notwendig, um die oben genannten Zwecke zu erreichen.<\/p>\n<p>Dar\u00fcber hinaus k\u00f6nnen Ihre Daten, mit Ihrer vorherigen Einwilligung, auch f\u00fcr folgende Zwecke verarbeitet werden:<\/p>\n<p>Versand von kommerziellen, werblichen und\/oder Promotion-Informationen \u00fcber unsere Produkte und Dienstleistungen. Die hierf\u00fcr genutzten Kontaktmethoden sind: E-Mail, SMS, Post oder Telefonanruf, basierend auf den von Ihnen bereitgestellten Kontaktdaten; die Rechtsgrundlage f\u00fcr diese Verarbeitung ist Ihre ausdr\u00fcckliche Einwilligung.<\/p>\n<p>Weitergabe Ihrer Daten an Drittfirmen innerhalb der Termal-Gruppe, die Ihnen eigenst\u00e4ndige kommerzielle, werbliche und\/oder Promotion-Informationen \u00fcber E-Mail, SMS, Post oder Telefonanruf senden k\u00f6nnen; auch hier ist die Rechtsgrundlage Ihre ausdr\u00fcckliche Einwilligung.<\/p>\n<p>Der Verantwortliche wird in keinem Fall sogenannte \u201ebesondere\u201c Daten im Sinne der Verordnung oder Informationen \u00fcber Ihr Surfverhalten auf der Website erfassen.<\/p>\n<p><strong>Freiwilligkeit der Datenbereitstellung<\/strong><br \/>Abgesehen von den Navigationsdaten steht es dem Nutzer frei, personenbezogene Daten zur Anforderung der von der Gesellschaft angebotenen Dienste bereitzustellen. Die Nichtbereitstellung dieser Daten kann dazu f\u00fchren, dass der gew\u00fcnschte Dienst nicht erbracht werden kann.<\/p>\n<p><strong>Arten der verarbeiteten Daten<\/strong><br \/>Navigationsdaten<\/p>\n<p>Die f\u00fcr den Betrieb dieser Website eingesetzten IT-Systeme und Softwareverfahren erfassen im Rahmen ihres normalen Betriebs bestimmte personenbezogene Daten, deren \u00dcbermittlung in der Nutzung von Internet-Kommunikationsprotokollen implizit ist.<\/p>\n<p>Es handelt sich um Informationen, die nicht erhoben werden, um mit identifizierten Betroffenen in Verbindung gebracht zu werden, die jedoch aufgrund ihrer Natur durch Verarbeitungen und Verkn\u00fcpfungen mit Daten Dritter eine Identifizierung der Nutzer erm\u00f6glichen k\u00f6nnten.<\/p>\n<p>Zu dieser Datenkategorie geh\u00f6ren IP-Adressen oder Domainnamen der von den Nutzern verwendeten Computer, die sich mit der Website verbinden, URI-Adressen (Uniform Resource Identifier) der angeforderten Ressourcen, Uhrzeit der Anfrage, Methode zur \u00dcbermittlung der Anfrage an den Server, die Gr\u00f6\u00dfe der erhaltenen Datei als Antwort, der numerische Code, der den Status der Antwort vom Server angibt (erfolgreich, Fehler usw.) sowie andere Parameter, die sich auf das Betriebssystem und die IT-Umgebung des Nutzers beziehen. Diese Daten werden ausschlie\u00dflich verwendet, um anonyme statistische Informationen \u00fcber die Nutzung der Website zu erhalten und deren ordnungsgem\u00e4\u00dfe Funktion zu \u00fcberpr\u00fcfen. Sie werden unmittelbar nach der Verarbeitung gel\u00f6scht. Die Daten k\u00f6nnten verwendet werden, um im Falle hypothetischer IT-Straftaten zum Nachteil der Website Verantwortlichkeiten festzustellen.<\/p>\n<p><strong>Vom Nutzer freiwillig bereitgestellte Daten<\/strong><\/p>\n<p>Die freiwillige, ausdr\u00fcckliche und freiwillige Zusendung von E-Mails an die auf dieser Website angegebenen Adressen f\u00fchrt zur Erfassung der Adresse des Absenders, die f\u00fcr die Beantwortung der Anfragen erforderlich ist, sowie etwaiger weiterer in der Nachricht enthaltenen personenbezogenen Daten.<\/p>\n<p>Spezifische zusammenfassende Informationen werden schrittweise auf den Seiten der Website angezeigt oder bereitgestellt, die f\u00fcr bestimmte Dienstleistungen auf Anfrage eingerichtet wurden.<\/p>\n<p><strong>Ort der Datenverarbeitung<\/strong><br \/>Die mit den Webdiensten dieser Website verbundenen Verarbeitungen finden in Italien, am oben genannten Sitz des Unternehmens, statt und werden von Mitarbeitern und Beauftragten des Verantwortlichen durchgef\u00fchrt.<\/p>\n<p><strong>Art der Datenverarbeitung<\/strong><br \/>Die personenbezogenen Daten werden \u00fcberwiegend automatisiert verarbeitet und so aufbewahrt, dass durch geeignete und vorbeugende Sicherheitsma\u00dfnahmen das Risiko einer auch unbeabsichtigten Zerst\u00f6rung oder eines Verlusts der Daten, eines unbefugten Zugriffs oder einer nicht genehmigten oder nicht zweckgebundenen Verarbeitung auf ein Minimum reduziert wird.<\/p>\n<p><strong>Speicherdauer der Daten<\/strong><br \/>Die Daten werden nur so lange gespeichert, wie es zur Erreichung des Zwecks, zu dem sie erhoben wurden, erforderlich ist, vorbehaltlich anderer gesetzlich bedingter Erfordernisse. Danach werden die personenbezogenen Daten gel\u00f6scht oder anonymisiert. Die personenbezogenen Daten werden f\u00fcr 24 Monate ab Ihrer Anfrage oder dem letzten relevanten Kontakt gespeichert.<\/p>\n<p><strong>Datenweitergabe<\/strong><br \/>Die durch die Nutzung der Website erhobenen Daten k\u00f6nnen an diejenigen \u00fcbermittelt werden, die f\u00fcr die Verwaltung der Website zust\u00e4ndig sind, sowie an technologische und operative Partner, derer sich der Verantwortliche zur Erbringung der vom Nutzer angeforderten Dienstleistungen bedient. Zudem k\u00f6nnen die Daten an Stellen weitergegeben werden, die kraft gesetzlicher oder sekund\u00e4rrechtlicher Vorschriften dazu berechtigt sind. Die personenbezogenen Daten, die von den Nutzern bereitgestellt werden, die Informationsmaterial anfordern (Anfragen, Antworten, usw.) oder andere Mitteilungen senden, werden ausschlie\u00dflich zur Erbringung der angeforderten Dienstleistung verwendet und nur dann an Dritte weitergegeben, wenn dies zu diesem Zweck erforderlich ist.<\/p>\n<p>Die Daten werden in der Regel nicht au\u00dferhalb der Europ\u00e4ischen Union \u00fcbermittelt. Eine etwaige \u00dcbermittlung der Daten au\u00dferhalb der EU erfolgt ausschlie\u00dflich an Empf\u00e4nger, die ein angemessenes Schutzniveau gew\u00e4hrleisten und\/oder in L\u00e4nder, f\u00fcr die eine Angemessenheitsentscheidung der zust\u00e4ndigen Beh\u00f6rden vorliegt, oder an Empf\u00e4nger, die geeignete Garantien \u00fcber geeignete rechtliche oder vertragliche Instrumente wie z.\u202fB. den Abschluss von Standardvertragsklauseln bieten.<\/p>\n<p><strong>Rechte der betroffenen Personen<\/strong><br \/>In Bezug auf die Verarbeitung personenbezogener Daten kann sich die betroffene Person an den Verantwortlichen wenden, indem sie an die E-Mail-Adresse <a href=\"mailto:privacy@termal.it\">privacy@termal.it<\/a> schreibt, um ihre Rechte gem\u00e4\u00df der Verordnung geltend zu machen.<\/p>\n<p>Namentlich kann die betroffene Person:<\/p>\n<ul>\n<li>auf ihre personenbezogenen Daten zugreifen und Informationen \u00fcber die vom Verantwortlichen verfolgten Zwecke, die betroffenen Datenkategorien, die Empf\u00e4nger, an die diese Daten weitergegeben werden k\u00f6nnen, die geltende Speicherfrist, das Vorhandensein automatisierter Entscheidungsprozesse, einschlie\u00dflich Profiling, sowie \u2013 zumindest in diesen F\u00e4llen \u2013 aussagekr\u00e4ftige Informationen \u00fcber die verwendete Logik, deren Bedeutung und die m\u00f6glichen Folgen f\u00fcr die betroffene Person erhalten, sofern dies nicht bereits in diesem Hinweis angegeben ist;<\/li>\n<li>unverz\u00fcglich die Berichtigung unrichtiger personenbezogener Daten verlangen;<\/li>\n<li>in den gesetzlich vorgesehenen F\u00e4llen die L\u00f6schung ihrer Daten verlangen;<\/li>\n<li>die Einschr\u00e4nkung der Verarbeitung verlangen oder der Verarbeitung widersprechen, sofern dies nach den anwendbaren gesetzlichen Bestimmungen zul\u00e4ssig ist.<br \/>Sollte sie es f\u00fcr angebracht halten, kann sie bei der Aufsichtsbeh\u00f6rde Beschwerde einlegen.<\/li>\n<\/ul>\n<p><strong>Minderj\u00e4hrige<\/strong><br \/>Es sollten keine personenbezogenen Daten von Minderj\u00e4hrigen auf der Website ohne vorherige Zustimmung der Eltern oder Erziehungsberechtigten eingegeben werden. Der Verantwortliche ermutigt alle Eltern und Erziehungsberechtigten, Minderj\u00e4hrige \u00fcber den sicheren und verantwortungsvollen Umgang mit ihren personenbezogenen Daten im Internet aufzukl\u00e4ren. Der Verantwortliche verpflichtet sich in jedem Fall, keine personenbezogenen Daten von Minderj\u00e4hrigen wissentlich zu speichern oder zu verwenden, auch nicht zur Weitergabe an Dritte.<\/p>\n<p><strong>Links zu anderen Websites<\/strong><br \/>Auf den Webseiten des Verantwortlichen k\u00f6nnen Hyperlinks zu anderen Websites vorhanden sein, die den Nutzern einen besseren Service bieten sollen. Der Verantwortliche \u00fcbernimmt keinerlei Verantwortung f\u00fcr die Inhalte von Websites, auf die Nutzer m\u00f6glicherweise \u00fcber die eigene Website zugreifen. Das Vorhandensein eines Hyperlinks zu einer anderen Website bedeutet daher nicht, dass der Verantwortliche deren Inhalte billigt oder hierf\u00fcr Verantwortung \u00fcbernimmt \u2013 auch nicht im Hinblick auf den Umgang mit personenbezogenen Daten oder deren Nutzung.<\/p>\n<p><strong>Cookie-Richtlinie<\/strong><br \/>Diese Website verwendet Cookies und \u00e4hnliche Technologien, um das ordnungsgem\u00e4\u00dfe Funktionieren der Abl\u00e4ufe sicherzustellen und die Nutzungserfahrung bei Online-Anwendungen zu verbessern. Ein Cookie ist eine kleine Textdatei, die an Ihren Browser gesendet wird, damit dieser bei einem sp\u00e4teren Besuch wiedererkannt wird. Wenn in diesem Hinweis auf Cookies Bezug genommen wird, sind auch alle \u00e4hnlichen Technologien (Tags, Skripte usw.) eingeschlossen. Cookies erm\u00f6glichen dem Verantwortlichen, Daten \u00fcber die Nutzung der Website zu sammeln, wie z.\u202fB. besuchte Seiten und Sitzungsdauer des Nutzers.<\/p>\n<p>Auf dieser Website werden insbesondere Session-Cookies und permanente Cookies verwendet.<\/p>\n<ul>\n<li>Session-Cookies erm\u00f6glichen es, Navigationsdaten zu verfolgen, wie z.\u202fB. besuchte Seiten und verwendete Optionen. Beim Schlie\u00dfen des Internetbrowsers endet die Sitzung und das Cookie wird gel\u00f6scht.<\/li>\n<li>Permanente Cookies hingegen erm\u00f6glichen es der Website, den Nutzer bei sp\u00e4teren Besuchen wiederzuerkennen.<\/li>\n<\/ul>\n<p>Auf dieser Website verwendet der Verantwortliche folgende Arten von Cookies.<\/p>\n<p><em><strong>\u201eTechnische\u201c Cookies<\/strong><\/em><br \/>Dies sind Cookies, die f\u00fcr die Navigation erforderlich sind und eine sichere und effiziente Erkundung der Website gew\u00e4hrleisten. Zu dieser Kategorie geh\u00f6ren sowohl permanente Cookies als auch Sitzungscookies. Ohne diese Cookies k\u00f6nnte die Website oder Teile davon nicht richtig funktionieren. Daher werden sie immer verwendet, unabh\u00e4ngig von den Benutzereinstellungen. Die Lebensdauer dieser Cookies ist streng auf die Sitzung begrenzt oder sie k\u00f6nnen l\u00e4nger bestehen bleiben, um sich an die vom Besucher getroffenen Entscheidungen zu erinnern. Die Deaktivierung unbedingt erforderlicher Cookies kann die Benutzererfahrung und Navigation auf der Website beeintr\u00e4chtigen.<\/p>\n<p><em><strong>\u201eAnalytische\u201c Cookies<\/strong><\/em><br \/>Diese Cookies werden verwendet, um den Datenverkehr und die Nutzung einer Website durch Benutzer zu erfassen und zu analysieren. Dabei handelt es sich um Erstanbieter- oder Drittanbieter-Cookies, die gesammelt und verwaltet werden, um das System zu \u00fcberwachen und die Leistung der Website zu verbessern (Performance-Cookies). Die Deaktivierung dieser Cookies kann ohne Funktionsverlust erfolgen.<\/p>\n<p><em><strong>\u201eProfilierungs\u201c-Cookies<\/strong><\/em><br \/>Diese Cookies dienen dazu, das Surfverhalten des Nutzers im Internet zu verfolgen und Profile \u00fcber seine Vorlieben, Gewohnheiten, Entscheidungen usw. zu erstellen. Solche Cookies erm\u00f6glichen es, dem Endger\u00e4t des Nutzers Werbung zu \u00fcbermitteln, die auf seinen bereits gezeigten Online-Pr\u00e4ferenzen basiert.<\/p>\n<p>Nur wenn der Nutzer seine Zustimmung gegeben hat, werden nicht unbedingt erforderliche Cookies installiert, um die volle Funktionalit\u00e4t der Website zu erm\u00f6glichen. Ohne Zustimmung werden diese Cookies blockiert.<\/p>\n<p><strong>Liste der auf dieser Website verwendeten Cookies<\/strong><br \/>Die detaillierte Liste der auf dieser Website verwendeten Cookies wird im Banner zusammengefasst, in dem der Nutzer angeben kann, welche Cookie-Kategorien zus\u00e4tzlich zu den technischen installiert werden d\u00fcrfen.<\/p>\n<p><strong>Totale oder teilweise Deaktivierung von Cookies<\/strong><br \/>Die vollst\u00e4ndige oder teilweise Deaktivierung technischer Cookies kann die Funktionalit\u00e4t der Website beeintr\u00e4chtigen.<\/p>\n<p>Die Deaktivierung von Drittanbieter-, analytischen und\/oder Profilierungs-Cookies beeintr\u00e4chtigt die Navigierbarkeit der Website nicht.<\/p>\n<p>Sie k\u00f6nnen Ihre Cookie-Einstellungen \u00e4ndern, indem Sie auf das Start-Banner oder auf das Symbol <img decoding=\"async\" class=\"alignnone wp-image-1112\" src=\"https:\/\/www.hotgreenpower.it\/wp-content\/uploads\/2025\/05\/ico-cookie.png\" alt=\"\" width=\"30\" height=\"30\" \/> klicken.<\/p>\n<p>Die Einstellung kann spezifisch f\u00fcr verschiedene Websites und Webanwendungen definiert werden. Die besten Browser erm\u00f6glichen es n\u00e4mlich, unterschiedliche Einstellungen f\u00fcr \u201eeigene\u201c Cookies und solche von \u201eDrittanbietern\u201c vorzunehmen.<\/p>\n<p>Nachfolgend zeigen wir, wie Sie Cookies in einigen Browsern deaktivieren k\u00f6nnen.<\/p>\n<p><strong>Edge<\/strong><\/p>\n<ul>\n<li>\u00d6ffnen Sie Microsoft Edge<\/li>\n<li>W\u00e4hlen Sie Einstellungen und mehr &gt; Einstellungen &gt; Datenschutz, Suche und Dienste.<\/li>\n<li>W\u00e4hlen Sie unter \u201eBrowserdaten l\u00f6schen\u201c die Option \u201eZu l\u00f6schende Elemente ausw\u00e4hlen\u201c.<\/li>\n<li>W\u00e4hlen Sie einen Zeitraum unter \u201eZeitbereich\u201c.<\/li>\n<li>W\u00e4hlen Sie \u201eCookies und andere Website-Daten\u201c und dann \u201eJetzt l\u00f6schen\u201c.<\/li>\n<\/ul>\n<p><strong>Chrome<\/strong><\/p>\n<ul>\n<li>Klicken Sie auf das Chrome-Men\u00fcsymbol.<\/li>\n<li>W\u00e4hlen Sie Einstellungen.<\/li>\n<li>Klicken Sie im Bereich \u201eDatenschutz und Sicherheit\u201c auf \u201eCookies und andere Websitedaten\u201c.<\/li>\n<li>Klicken Sie auf \u201eAlle Cookies und Websitedaten anzeigen\u201c. Alles entfernen.<\/li>\n<li>Best\u00e4tigen Sie mit \u201eAlle l\u00f6schen\u201c.<\/li>\n<\/ul>\n<p><strong>Firefox<\/strong><\/p>\n<ul>\n<li>Klicken Sie auf die Men\u00fcschaltfl\u00e4che und w\u00e4hlen Sie Einstellungen.<\/li>\n<li>W\u00e4hlen Sie den Bereich \u201eDatenschutz &amp; Sicherheit\u201c.<\/li>\n<li>W\u00e4hlen Sie im Abschnitt \u201eErweiterter Schutz vor Aktivit\u00e4tenverfolgung\u201c die Option \u201eBenutzerdefiniert\u201c und aktivieren Sie das Kontrollk\u00e4stchen \u201eCookies\u201c.<\/li>\n<li>Verwenden Sie das Dropdown-Men\u00fc, um die zu blockierenden Cookie-Typen auszuw\u00e4hlen.<\/li>\n<li>Schlie\u00dfen Sie die Seite \u201eabout:preferences\u201c. \u00c4nderungen werden automatisch gespeichert.<\/li>\n<\/ul>\n<p><strong>Explorer<\/strong><\/p>\n<ul>\n<li>Klicken Sie in Internet Explorer auf die Schaltfl\u00e4che \u201eExtras\u201c und w\u00e4hlen Sie \u201eInternetoptionen\u201c.<\/li>\n<li>W\u00e4hlen Sie die Registerkarte \u201eDatenschutz\u201c und unter \u201eEinstellungen\u201c die Option \u201eErweitert\u201c, dann w\u00e4hlen Sie aus, ob Sie eigene und\/oder Drittanbieter-Cookies akzeptieren, blockieren oder best\u00e4tigen m\u00f6chten.<\/li>\n<\/ul>\n<p><strong>Safari<\/strong><\/p>\n<ul>\n<li>Gehen Sie ins Safari-Men\u00fc (Symbol oben rechts im Browser) und w\u00e4hlen Sie \u201eEinstellungen\u201c.<\/li>\n<li>W\u00e4hlen Sie im sich \u00f6ffnenden Fenster das Symbol \u201eSicherheit\u201c (Schloss-Symbol).<\/li>\n<li>Unter \u201eCookies akzeptieren\u201c w\u00e4hlen Sie die Option \u201eNie\u201c.<\/li>\n<\/ul>\n<\/div><\/div><\/div><\/div><\/div>\n","protected":false},"excerpt":{"rendered":"","protected":false},"author":1,"featured_media":1829,"parent":0,"menu_order":0,"comment_status":"closed","ping_status":"closed","template":"","meta":{"footnotes":""},"class_list":["post-1828","page","type-page","status-publish","has-post-thumbnail","hentry"],"_links":{"self":[{"href":"https:\/\/www.hotgreenpower.it\/de\/wp-json\/wp\/v2\/pages\/1828","targetHints":{"allow":["GET"]}}],"collection":[{"href":"https:\/\/www.hotgreenpower.it\/de\/wp-json\/wp\/v2\/pages"}],"about":[{"href":"https:\/\/www.hotgreenpower.it\/de\/wp-json\/wp\/v2\/types\/page"}],"author":[{"embeddable":true,"href":"https:\/\/www.hotgreenpower.it\/de\/wp-json\/wp\/v2\/users\/1"}],"replies":[{"embeddable":true,"href":"https:\/\/www.hotgreenpower.it\/de\/wp-json\/wp\/v2\/comments?post=1828"}],"version-history":[{"count":2,"href":"https:\/\/www.hotgreenpower.it\/de\/wp-json\/wp\/v2\/pages\/1828\/revisions"}],"predecessor-version":[{"id":1832,"href":"https:\/\/www.hotgreenpower.it\/de\/wp-json\/wp\/v2\/pages\/1828\/revisions\/1832"}],"wp:featuredmedia":[{"embeddable":true,"href":"https:\/\/www.hotgreenpower.it\/de\/wp-json\/wp\/v2\/media\/1829"}],"wp:attachment":[{"href":"https:\/\/www.hotgreenpower.it\/de\/wp-json\/wp\/v2\/media?parent=1828"}],"curies":[{"name":"wp","href":"https:\/\/api.w.org\/{rel}","templated":true}]}}