{"id":1648,"date":"2025-05-06T14:42:37","date_gmt":"2025-05-06T12:42:37","guid":{"rendered":"https:\/\/www.hotgreenpower.it\/privacy-cookies-policy\/"},"modified":"2025-05-12T17:47:11","modified_gmt":"2025-05-12T15:47:11","slug":"privacy-cookies-policy","status":"publish","type":"page","link":"https:\/\/www.hotgreenpower.it\/fr\/privacy-cookies-policy\/","title":{"rendered":"Privacy Cookies Policy"},"content":{"rendered":"<div class=\"fusion-fullwidth fullwidth-box fusion-builder-row-1 fusion-flex-container has-pattern-background has-mask-background nonhundred-percent-fullwidth non-hundred-percent-height-scrolling\" style=\"--awb-border-radius-top-left:0px;--awb-border-radius-top-right:0px;--awb-border-radius-bottom-right:0px;--awb-border-radius-bottom-left:0px;--awb-padding-top:70px;--awb-padding-bottom:70px;--awb-flex-wrap:wrap;\" ><div class=\"fusion-builder-row fusion-row fusion-flex-align-items-flex-start fusion-flex-content-wrap\" style=\"max-width:1248px;margin-left: calc(-4% \/ 2 );margin-right: calc(-4% \/ 2 );\"><div class=\"fusion-layout-column fusion_builder_column fusion-builder-column-0 fusion_builder_column_1_1 1_1 fusion-flex-column\" style=\"--awb-bg-size:cover;--awb-width-large:100%;--awb-margin-top-large:0px;--awb-spacing-right-large:1.92%;--awb-margin-bottom-large:0px;--awb-spacing-left-large:1.92%;--awb-width-medium:100%;--awb-spacing-right-medium:1.92%;--awb-spacing-left-medium:1.92%;--awb-width-small:100%;--awb-spacing-right-small:1.92%;--awb-spacing-left-small:1.92%;\"><div class=\"fusion-column-wrapper fusion-flex-justify-content-flex-start fusion-content-layout-column\"><div class=\"fusion-text fusion-text-1\"><p>Dans cette page, sont d\u00e9crites les modalit\u00e9s de gestion du site internet www.hotgreenpower.it concernant le traitement des donn\u00e9es personnelles des utilisateurs qui le consultent. Il s&rsquo;agit d&rsquo;une information communiqu\u00e9e conform\u00e9ment au R\u00e8glement Europ\u00e9en 679\/2016 relatif \u00e0 la protection des personnes physiques concernant le traitement des donn\u00e9es personnelles, ainsi qu&rsquo;\u00e0 la libre circulation de ces donn\u00e9es (ci-apr\u00e8s \u00e9galement d\u00e9nomm\u00e9 R\u00e8glement) pour les utilisateurs des services de notre site, qui sont fournis via internet. La pr\u00e9sente information n&rsquo;est pas valable pour d&rsquo;autres sites web qui pourraient \u00eatre consult\u00e9s via nos liens, dont le Titulaire n&rsquo;est en aucun cas responsable.<\/p>\n<p><strong>Le responsable du traitement<\/strong><br \/>\nLe Responsable du traitement des donn\u00e9es personnelles trait\u00e9es suite \u00e0 la consultation de notre site est Termal Sales S.r.l. (ci-apr\u00e8s Titulaire), dont le si\u00e8ge social est situ\u00e9 Via della salute, 14 \u2013 Bologne.<\/p>\n<p><strong>Finalit\u00e9s du traitement et base juridique<\/strong><br \/>\nLes donn\u00e9es feront l&rsquo;objet de notre part de traitements informatiques ou manuels pour les finalit\u00e9s suivantes :<\/p>\n<ul>\n<li>r\u00e9pondre \u00e0 vos demandes d&rsquo;informations (contacts via formulaire sur le lien <a href=\"https:\/\/www.hotgreenpower.it\/fr\/contact\/\">https:\/\/www.hotgreenpower.it\/fr\/contact\/<\/a>, <a href=\"https:\/\/www.hotgreenpower.it\/fr\/demande-de-devis\/\">https:\/\/www.hotgreenpower.it\/fr\/demande-de-devis\/<\/a>).<\/li>\n<\/ul>\n<p>La base juridique du traitement est le traitement de votre demande et l&rsquo;\u00e9ventuelle relation pr\u00e9contractuelle.<\/p>\n<p>La fourniture des donn\u00e9es est n\u00e9cessaire pour poursuivre les finalit\u00e9s mentionn\u00e9es ci-dessus.<\/p>\n<p>De plus, sous r\u00e9serve de votre consentement, vos donn\u00e9es pourront \u00e9galement \u00eatre trait\u00e9es aux fins suivantes :<\/p>\n<p>vous envoyer des informations commerciales, promotionnelles et\/ou publicitaires sur nos produits et services. Les modes de contact utilis\u00e9s pour r\u00e9aliser ces activit\u00e9s sont : e-mail, SMS, courrier postal ou contact t\u00e9l\u00e9phonique, que vous avez fournis ; la base juridique de ces activit\u00e9s est le consentement expr\u00e8s ;<br \/>\ncommuniquer vos donn\u00e9es \u00e0 des soci\u00e9t\u00e9s tierces faisant partie du groupe Termal qui pourront vous envoyer des informations commerciales, promotionnelles et\/ou publicitaires autonomes par e-mail, SMS, courrier postal ou contact t\u00e9l\u00e9phonique, que vous avez fournis ; la base juridique de ces activit\u00e9s est le consentement expr\u00e8s.<br \/>\nLe Titulaire ne collectera en aucun cas des donn\u00e9es \u00ab\u00a0particuli\u00e8res\u00a0\u00bb au sens du r\u00e8glement ou des informations relatives \u00e0 votre comportement pendant la navigation sur le site.<\/p>\n<p><strong>Caract\u00e8re facultatif de la fourniture des donn\u00e9es<\/strong><br \/>\nHormis ce qui est sp\u00e9cifi\u00e9 pour les donn\u00e9es de navigation, l&rsquo;utilisateur est libre de fournir des donn\u00e9es personnelles pour demander les services propos\u00e9s par la soci\u00e9t\u00e9. Le d\u00e9faut de fourniture peut entra\u00eener l&rsquo;impossibilit\u00e9 d&rsquo;obtenir le service demand\u00e9.<\/p>\n<p><strong>Types de donn\u00e9es trait\u00e9es<\/strong><br \/>\nDonn\u00e9es de navigation<\/p>\n<p>Les syst\u00e8mes informatiques et les logiciels pr\u00e9pos\u00e9s au fonctionnement de ce site web acqui\u00e8rent, au cours de leur exercice normal, certaines donn\u00e9es personnelles dont la transmission est implicite dans l&rsquo;utilisation des protocoles de communication Internet.<\/p>\n<p>Il s&rsquo;agit d&rsquo;informations qui ne sont pas collect\u00e9es pour \u00eatre associ\u00e9es \u00e0 des personnes identifi\u00e9es, mais qui, par leur nature m\u00eame, pourraient, \u00e0 travers des traitements et des associations avec des donn\u00e9es d\u00e9tenues par des tiers, permettre d&rsquo;identifier les utilisateurs.<\/p>\n<p>Dans cette cat\u00e9gorie de donn\u00e9es entrent les adresses IP ou les noms de domaine des ordinateurs utilis\u00e9s par les utilisateurs qui se connectent au site, les adresses en notation URI (Uniform Resource Identifier) des ressources demand\u00e9es, l&rsquo;heure de la demande, la m\u00e9thode utilis\u00e9e pour soumettre la demande au serveur, la taille du fichier obtenu en r\u00e9ponse, le code num\u00e9rique indiquant l&rsquo;\u00e9tat de la r\u00e9ponse donn\u00e9e par le serveur (bon fonctionnement, erreur, etc.) et d&rsquo;autres param\u00e8tres relatifs au syst\u00e8me d&rsquo;exploitation et \u00e0 l&rsquo;environnement informatique de l&rsquo;utilisateur. Ces donn\u00e9es sont utilis\u00e9es uniquement pour obtenir des informations statistiques anonymes sur l&rsquo;utilisation du site et pour en contr\u00f4ler le bon fonctionnement et sont imm\u00e9diatement supprim\u00e9es apr\u00e8s le traitement. Les donn\u00e9es pourraient \u00eatre utilis\u00e9es pour \u00e9tablir des responsabilit\u00e9s en cas de d\u00e9lits informatiques potentiels commis contre le site.<\/p>\n<p><strong>Donn\u00e9es fournies volontairement par l&rsquo;utilisateur<\/strong><\/p>\n<p>L&rsquo;envoi facultatif, explicite et volontaire de courrier \u00e9lectronique aux adresses indiqu\u00e9es sur ce site entra\u00eene l&rsquo;acquisition ult\u00e9rieure de l&rsquo;adresse de l&rsquo;exp\u00e9diteur, n\u00e9cessaire pour r\u00e9pondre aux demandes, ainsi que des autres donn\u00e9es personnelles \u00e9ventuellement ins\u00e9r\u00e9es dans le message.<\/p>\n<p>Des informations sp\u00e9cifiques de synth\u00e8se seront progressivement report\u00e9es ou affich\u00e9es sur les pages du site pr\u00e9vues pour des services particuliers \u00e0 la demande.<\/p>\n<p><strong>Lieu du traitement<\/strong><br \/>\nLes traitements li\u00e9s aux services web de ce site ont lieu en Italie, au si\u00e8ge pr\u00e9cit\u00e9 de la Soci\u00e9t\u00e9 et sont g\u00e9r\u00e9s par des employ\u00e9s et collaborateurs du Titulaire charg\u00e9s du traitement.<\/p>\n<p><strong>Modalit\u00e9s de traitement<\/strong><br \/>\nLes donn\u00e9es personnelles sont trait\u00e9es principalement de mani\u00e8re automatis\u00e9e et seront conserv\u00e9es de mani\u00e8re \u00e0 r\u00e9duire au minimum, par l&rsquo;adoption de mesures de s\u00e9curit\u00e9 appropri\u00e9es et pr\u00e9ventives, les risques de destruction ou de perte, m\u00eame accidentelle, des donn\u00e9es elles-m\u00eames, d&rsquo;acc\u00e8s non autoris\u00e9 ou de traitement non autoris\u00e9 ou non conforme aux finalit\u00e9s de la collecte.<\/p>\n<p><strong>Dur\u00e9e de conservation des donn\u00e9es<\/strong><br \/>\nLes donn\u00e9es seront conserv\u00e9es uniquement pendant le temps n\u00e9cessaire pour atteindre l&rsquo;objectif pour lequel elles ont \u00e9t\u00e9 collect\u00e9es, sauf exigences diff\u00e9rentes d\u00e9coulant d&rsquo;obligations l\u00e9gales. Par la suite, les donn\u00e9es personnelles seront supprim\u00e9es ou anonymis\u00e9es. Les donn\u00e9es personnelles seront conserv\u00e9es pendant 24 mois \u00e0 compter de votre demande ou du dernier contact utile.<\/p>\n<p><strong>Communication des donn\u00e9es<\/strong><br \/>\nLes donn\u00e9es provenant de l&rsquo;utilisation du Site pourront \u00eatre communiqu\u00e9es aux sujets qui s&rsquo;occupent de la gestion du site, aux partenaires technologiques et instrumentaux dont le Titulaire se sert pour la fourniture des services demand\u00e9s par les utilisateurs, ainsi qu&rsquo;aux sujets auxquels la facult\u00e9 d&rsquo;acc\u00e9der aux donn\u00e9es est reconnue par des dispositions l\u00e9gales et\/ou r\u00e9glementaires. Les donn\u00e9es personnelles fournies par les utilisateurs qui adressent des demandes d&rsquo;envoi de mat\u00e9riel informatif (demandes d&rsquo;informations, r\u00e9ponses \u00e0 des questions, etc.) ou d&rsquo;autres communications sont utilis\u00e9es uniquement aux fins d&rsquo;ex\u00e9cution du service ou de la prestation demand\u00e9e et sont communiqu\u00e9es \u00e0 des tiers uniquement dans le cas o\u00f9 cela est n\u00e9cessaire \u00e0 cette fin.<\/p>\n<p>Les donn\u00e9es ne seront normalement pas transf\u00e9r\u00e9es hors de l&rsquo;Union Europ\u00e9enne. Le transfert \u00e9ventuel des donn\u00e9es hors de l&rsquo;Union Europ\u00e9enne ne se fera que vers des sujets qui garantissent un niveau ad\u00e9quat de protection du traitement et\/ou vers des pays pour lesquels les autorit\u00e9s comp\u00e9tentes ont \u00e9mis une d\u00e9cision d&rsquo;ad\u00e9quation et vers des sujets qui ont fourni des garanties appropri\u00e9es au traitement des donn\u00e9es \u00e0 travers des outils normatifs\/contractuels ad\u00e9quats tels que, par exemple, la souscription de clauses contractuelles standard.<\/p>\n<p><strong>Droits des int\u00e9ress\u00e9s<\/strong><br \/>\nConcernant le traitement des donn\u00e9es personnelles, l&rsquo;int\u00e9ress\u00e9 pourra s&rsquo;adresser au Titulaire en \u00e9crivant \u00e0 l&rsquo;adresse e-mail <a href=\"mailto:privacy@termal.it\">privacy@termal.it,<\/a> pour faire valoir ses droits tels que pr\u00e9vus par le R\u00e8glement.<\/p>\n<p>Plus pr\u00e9cis\u00e9ment, l&rsquo;int\u00e9ress\u00e9 pourra :<\/p>\n<ul>\n<li>acc\u00e9der \u00e0 ses donn\u00e9es personnelles, obtenant la preuve des finalit\u00e9s poursuivies par le Titulaire, des cat\u00e9gories de donn\u00e9es concern\u00e9es, des destinataires auxquels elles peuvent \u00eatre communiqu\u00e9es, de la p\u00e9riode de conservation applicable, de l&rsquo;existence de processus d\u00e9cisionnels automatis\u00e9s, y compris le profilage, et, a minima dans ces cas, des informations significatives sur la logique utilis\u00e9e, ainsi que l&rsquo;importance et les cons\u00e9quences possibles pour l&rsquo;int\u00e9ress\u00e9, si ce n&rsquo;est d\u00e9j\u00e0 indiqu\u00e9 dans le texte de la pr\u00e9sente Information ;<\/li>\n<li>obtenir sans d\u00e9lai la rectification des donn\u00e9es personnelles inexactes le concernant ;<\/li>\n<li>obtenir, dans les cas pr\u00e9vus par la loi, la suppression de ses donn\u00e9es ;<\/li>\n<li>obtenir la limitation du traitement ou s&rsquo;y opposer, lorsque cela est autoris\u00e9 en fonction des dispositions l\u00e9gales applicables au cas sp\u00e9cifique.<br \/>\nLe cas \u00e9ch\u00e9ant, vous pourrez introduire une r\u00e9clamation aupr\u00e8s de l&rsquo;Autorit\u00e9 de contr\u00f4le.<\/li>\n<\/ul>\n<p><strong>Mineurs<\/strong><br \/>\nAucune donn\u00e9e personnelle ne devrait \u00eatre ins\u00e9r\u00e9e sur le site par des mineurs sans le consentement pr\u00e9alable des parents ou des tuteurs. Le Titulaire encourage tous les parents et tuteurs \u00e0 instruire les mineurs sur l&rsquo;utilisation de leurs donn\u00e9es personnelles sur Internet de mani\u00e8re s\u00fbre et responsable. Le Titulaire s&rsquo;engage en tout cas \u00e0 ne pas conserver ni utiliser sciemment des donn\u00e9es personnelles collect\u00e9es aupr\u00e8s de mineurs \u00e0 quelque fin que ce soit, y compris la divulgation \u00e0 des tiers.<\/p>\n<p><strong>Liens vers d&rsquo;autres sites web<\/strong><br \/>\nSur les pages web du Titulaire, on peut trouver des liens hypertextes (Hyperlink) vers d&rsquo;autres sites web, propos\u00e9s pour fournir un meilleur service \u00e0 ses utilisateurs. Le Titulaire n&rsquo;est en aucun cas responsable du contenu des sites web auxquels les utilisateurs pourraient \u00e9ventuellement acc\u00e9der via son site. L&rsquo;existence d&rsquo;un Hyperlink vers un autre site ne sous-entend donc pas d&rsquo;approbation ou d&rsquo;acceptation de responsabilit\u00e9 de la part du Titulaire concernant le contenu du nouveau site auquel on acc\u00e8de, notamment en ce qui concerne la politique adopt\u00e9e pour le traitement des donn\u00e9es personnelles, ainsi que son utilisation.<\/p>\n<p><strong>Politique des cookies<\/strong><br \/>\nCe site web utilise des cookies et des technologies similaires pour garantir le bon fonctionnement des proc\u00e9dures et am\u00e9liorer l&rsquo;exp\u00e9rience d&rsquo;utilisation des applications en ligne. Un cookie est un petit fichier texte qui est envoy\u00e9 \u00e0 votre navigateur afin de pouvoir vous reconna\u00eetre lors de votre retour. Lorsque dans le cadre de la pr\u00e9sente information, on fait r\u00e9f\u00e9rence aux cookies, on entend \u00e9galement inclure toutes les autres technologies similaires (tags, scripts, etc.). Les cookies permettent au Titulaire de collecter des donn\u00e9es sur l&rsquo;utilisation du site web, telles que les pages visit\u00e9es et la dur\u00e9e de la session de l&rsquo;utilisateur.<\/p>\n<p>Dans ce cas, sur ce site sont utilis\u00e9s des cookies de session et des cookies permanents.<\/p>\n<ul>\n<li>Les cookies de session permettent de suivre les donn\u00e9es de navigation, telles que les pages web visit\u00e9es et les options utilis\u00e9es. \u00c0 la fermeture du navigateur Internet, la session se termine et le cookie est supprim\u00e9.<\/li>\n<li>Les cookies permanents, quant \u00e0 eux, permettent au site web de reconna\u00eetre l&rsquo;utilisateur lors des visites ult\u00e9rieures.<\/li>\n<\/ul>\n<p>Sur ce site, le Titulaire utilise les types de cookies suivants.<\/p>\n<p><em><strong>Cookies \u00ab\u00a0techniques\u00a0\u00bb<\/strong><\/em><br \/>\nCe sont des cookies fonctionnels \u00e0 la navigation et qui garantissent l&rsquo;exploration s\u00e9curis\u00e9e et efficace du site. Les cookies de cette cat\u00e9gorie comprennent \u00e0 la fois des cookies persistants et des cookies de session. En l&rsquo;absence de ces cookies, le site ou certaines de ses parties pourraient ne pas fonctionner correctement. Ils sont donc toujours utilis\u00e9s, ind\u00e9pendamment des pr\u00e9f\u00e9rences de l&rsquo;utilisateur. La dur\u00e9e de ces cookies est strictement limit\u00e9e \u00e0 la session de travail ou peut b\u00e9n\u00e9ficier d&rsquo;un temps de permanence plus long afin de m\u00e9moriser les choix du visiteur. La d\u00e9sactivation des cookies strictement n\u00e9cessaires peut compromettre l&rsquo;exp\u00e9rience d&rsquo;utilisation et de navigation du site web.<\/p>\n<p><em><strong>Cookies \u00ab\u00a0analytiques\u00a0\u00bb<\/strong><\/em><br \/>\nCe sont des cookies utilis\u00e9s pour collecter et analyser le trafic et l&rsquo;utilisation d&rsquo;un site web par les utilisateurs. Il s&rsquo;agit de cookies de premi\u00e8re ou de tierce partie collect\u00e9s et g\u00e9r\u00e9s pour surveiller le syst\u00e8me et am\u00e9liorer les performances du site (cookies de performance). La d\u00e9sactivation de ces cookies peut \u00eatre effectu\u00e9e sans aucune perte de fonctionnalit\u00e9.<\/p>\n<p><em><strong>Cookies de \u00ab\u00a0profilage\u00a0\u00bb<\/strong><\/em><br \/>\nCe sont des cookies utilis\u00e9s pour suivre la navigation de l&rsquo;utilisateur sur le r\u00e9seau et cr\u00e9er des profils sur ses go\u00fbts, habitudes, choix, etc. Ces cookies permettent de transmettre au terminal de l&rsquo;utilisateur des messages publicitaires en ligne avec les pr\u00e9f\u00e9rences d\u00e9j\u00e0 manifest\u00e9es par l&rsquo;utilisateur lors de sa navigation en ligne.<\/p>\n<p>Seulement si l&rsquo;utilisateur a donn\u00e9 son consentement, le site installe les cookies non strictement n\u00e9cessaires de mani\u00e8re \u00e0 permettre \u00e0 l&rsquo;utilisateur de naviguer sur le site web avec toutes les fonctionnalit\u00e9s, \u00e0 d\u00e9faut de consentement, ces cookies seront bloqu\u00e9s.<\/p>\n<p>Liste des cookies utilis\u00e9s sur ce site<br \/>\nLa liste d\u00e9taill\u00e9e des cookies utilis\u00e9s sur ce site est r\u00e9capitul\u00e9e dans la banni\u00e8re o\u00f9 l&rsquo;utilisateur peut indiquer quelle cat\u00e9gorie de cookies, au-del\u00e0 des cookies techniques, peut \u00eatre install\u00e9e.<\/p>\n<p>D\u00e9sactivation totale ou partielle des cookies<br \/>\nLa d\u00e9sactivation totale ou partielle des cookies techniques peut compromettre l&rsquo;utilisation des fonctionnalit\u00e9s du site.<\/p>\n<p>La d\u00e9sactivation des cookies \u00ab\u00a0tierces parties\u00a0\u00bb ou analytiques et\/ou de profilage n&rsquo;affecte en rien la navigation.<\/p>\n<p>Vous pouvez modifier vos pr\u00e9f\u00e9rences en mati\u00e8re de cookies en cliquant sur la banni\u00e8re initiale ou sur l&rsquo;ic\u00f4ne <img decoding=\"async\" class=\"alignnone wp-image-1112\" src=\"https:\/\/www.hotgreenpower.it\/wp-content\/uploads\/2025\/05\/ico-cookie.png\" alt=\"\" width=\"30\" height=\"30\" \/><\/p>\n<p>Les param\u00e8tres peuvent \u00eatre d\u00e9finis sp\u00e9cifiquement pour diff\u00e9rents sites et applications web. Les meilleurs navigateurs permettent en effet de d\u00e9finir des param\u00e8tres diff\u00e9rents pour les cookies \u00ab\u00a0propri\u00e9taires\u00a0\u00bb et pour ceux de \u00ab\u00a0tierces parties\u00a0\u00bb.<\/p>\n<p>Vous trouverez ci-dessous comment d\u00e9sactiver les cookies via quelques navigateurs.<\/p>\n<p><strong>Edge<\/strong><\/p>\n<ul>\n<li>Ouvrez Microsoft Edge<\/li>\n<li>S\u00e9lectionnez Param\u00e8tres et autre &gt; Param\u00e8tres &gt; Confidentialit\u00e9, recherche et services.<\/li>\n<li>Dans Effacer les donn\u00e9es de navigation, s\u00e9lectionnez Choisir les \u00e9l\u00e9ments \u00e0 effacer.<\/li>\n<li>Dans P\u00e9riode, choisissez un intervalle de temps.<\/li>\n<li>S\u00e9lectionnez \u00ab\u00a0Cookies\u00a0\u00bb et autres donn\u00e9es du site, puis Effacer maintenant.<\/li>\n<\/ul>\n<p><strong>Chrome<\/strong><\/p>\n<ul>\n<li>S\u00e9lectionnez l&rsquo;ic\u00f4ne du menu Chrome.<\/li>\n<li>S\u00e9lectionnez Param\u00e8tres.<\/li>\n<li>Dans la section \u00ab\u00a0Confidentialit\u00e9 et s\u00e9curit\u00e9\u00a0\u00bb, cliquez sur Cookies et autres donn\u00e9es des sites.<\/li>\n<li>Cliquez sur Afficher tous les cookies et donn\u00e9es des sites. Tout supprimer.<\/li>\n<li>Confirmez en cliquant sur Tout effacer.<\/li>\n<\/ul>\n<p><strong>Firefox<\/strong><\/p>\n<ul>\n<li>Cliquez sur le bouton du menu et s\u00e9lectionnez Options.<\/li>\n<li>S\u00e9lectionnez le panneau Vie priv\u00e9e et s\u00e9curit\u00e9.<\/li>\n<li>Dans la section Protection renforc\u00e9e contre le pistage, s\u00e9lectionnez Personnalis\u00e9e et cochez la case Cookies.<\/li>\n<li>Utilisez le menu d\u00e9roulant pour choisir les types de cookies \u00e0 bloquer<\/li>\n<li>Fermez la page \u00ab\u00a0about:preferences\u00a0\u00bb. Les modifications apport\u00e9es seront enregistr\u00e9es automatiquement.<\/li>\n<\/ul>\n<p><strong>Explorer<\/strong><\/p>\n<ul>\n<li>Dans Internet Explorer, s\u00e9lectionnez le bouton outils puis s\u00e9lectionnez Options Internet.<\/li>\n<li>S\u00e9lectionnez l&rsquo;onglet Confidentialit\u00e9 et, dans Param\u00e8tres, s\u00e9lectionnez Avanc\u00e9, puis choisissez si vous voulez accepter, bloquer ou recevoir une demande pour les cookies propri\u00e9taires ou tiers.<\/li>\n<\/ul>\n<p><strong>Safari<\/strong><\/p>\n<ul>\n<li>Allez au menu Safari (ic\u00f4ne en haut \u00e0 droite du navigateur) et s\u00e9lectionnez Pr\u00e9f\u00e9rences.<\/li>\n<li>Dans la fen\u00eatre pop-up qui s&rsquo;ouvre, s\u00e9lectionnez l&rsquo;ic\u00f4ne S\u00e9curit\u00e9 (en forme de cadenas).<\/li>\n<li>Sous la mention \u00ab\u00a0Accepter les cookies\u00a0\u00bb, s\u00e9lectionnez le bouton \u00ab\u00a0Jamais\u00a0\u00bb.<\/li>\n<\/ul>\n<\/div><\/div><\/div><\/div><\/div>\n","protected":false},"excerpt":{"rendered":"","protected":false},"author":1,"featured_media":1649,"parent":0,"menu_order":0,"comment_status":"closed","ping_status":"closed","template":"","meta":{"footnotes":""},"class_list":["post-1648","page","type-page","status-publish","has-post-thumbnail","hentry"],"_links":{"self":[{"href":"https:\/\/www.hotgreenpower.it\/fr\/wp-json\/wp\/v2\/pages\/1648","targetHints":{"allow":["GET"]}}],"collection":[{"href":"https:\/\/www.hotgreenpower.it\/fr\/wp-json\/wp\/v2\/pages"}],"about":[{"href":"https:\/\/www.hotgreenpower.it\/fr\/wp-json\/wp\/v2\/types\/page"}],"author":[{"embeddable":true,"href":"https:\/\/www.hotgreenpower.it\/fr\/wp-json\/wp\/v2\/users\/1"}],"replies":[{"embeddable":true,"href":"https:\/\/www.hotgreenpower.it\/fr\/wp-json\/wp\/v2\/comments?post=1648"}],"version-history":[{"count":2,"href":"https:\/\/www.hotgreenpower.it\/fr\/wp-json\/wp\/v2\/pages\/1648\/revisions"}],"predecessor-version":[{"id":1653,"href":"https:\/\/www.hotgreenpower.it\/fr\/wp-json\/wp\/v2\/pages\/1648\/revisions\/1653"}],"wp:featuredmedia":[{"embeddable":true,"href":"https:\/\/www.hotgreenpower.it\/fr\/wp-json\/wp\/v2\/media\/1649"}],"wp:attachment":[{"href":"https:\/\/www.hotgreenpower.it\/fr\/wp-json\/wp\/v2\/media?parent=1648"}],"curies":[{"name":"wp","href":"https:\/\/api.w.org\/{rel}","templated":true}]}}